{"id":94365,"date":"2025-01-17T22:43:49","date_gmt":"2025-01-17T19:43:49","guid":{"rendered":"https:\/\/alanyakarel.com\/?page_id=94365"},"modified":"2025-01-17T22:46:24","modified_gmt":"2025-01-17T19:46:24","slug":"kvkk","status":"publish","type":"page","link":"https:\/\/alanyakarel.com\/en\/kvkk\/","title":{"rendered":"KVKK"},"content":{"rendered":"<div data-elementor-type=\"wp-page\" data-elementor-id=\"94365\" class=\"elementor elementor-94365\" data-elementor-post-type=\"page\">\n\t\t\t\t\t\t<section class=\"elementor-section elementor-top-section elementor-element elementor-element-a338350 elementor-reverse-tablet elementor-reverse-mobile elementor-section-height-min-height elementor-section-items-stretch elementor-section-boxed elementor-section-height-default\" data-id=\"a338350\" data-element_type=\"section\" data-settings=\"{&quot;background_background&quot;:&quot;gradient&quot;}\">\n\t\t\t\t\t\t\t<div class=\"elementor-background-overlay\"><\/div>\n\t\t\t\t\t\t\t<div class=\"elementor-container elementor-column-gap-wider\">\n\t\t\t\t\t<div class=\"elementor-column elementor-col-100 elementor-top-column elementor-element elementor-element-cbe6dee\" data-id=\"cbe6dee\" data-element_type=\"column\">\n\t\t\t<div class=\"elementor-widget-wrap elementor-element-populated\">\n\t\t\t\t\t\t<div class=\"elementor-element elementor-element-bf2c2ba elementor-widget elementor-widget-the7-heading\" data-id=\"bf2c2ba\" data-element_type=\"widget\" data-widget_type=\"the7-heading.default\">\n\t\t\t\t<div class=\"elementor-widget-container\">\n\t\t\t\t\t<h2 class=\"the7-heading-title elementor-size-default\">KVKK<\/h2>\t\t\t\t<\/div>\n\t\t\t\t<\/div>\n\t\t\t\t\t<\/div>\n\t\t<\/div>\n\t\t\t\t\t<\/div>\n\t\t<\/section>\n\t\t<div class=\"elementor-element elementor-element-0bf12ef e-flex e-con-boxed elementor-invisible e-con e-parent\" data-id=\"0bf12ef\" data-element_type=\"container\" data-settings=\"{&quot;animation&quot;:&quot;fadeInUp&quot;}\">\n\t\t\t\t\t<div class=\"e-con-inner\">\n\t\t\t\t<div class=\"elementor-element elementor-element-71d8480 elementor-widget elementor-widget-text-editor\" data-id=\"71d8480\" data-element_type=\"widget\" data-widget_type=\"text-editor.default\">\n\t\t\t\t<div class=\"elementor-widget-container\">\n\t\t\t\t\t\t\t\t\t<h3><strong>Personal Data Protection and Processing Policy (KVKK)<\/strong><\/h3><p><strong>Alanya Karel<\/strong> As, we attach great importance to the protection of personal data of our customers and visitors. Within the scope of the Personal Data Protection Law (KVKK), we take all necessary precautions to ensure the security of your data and process it in accordance with legal requirements.<\/p><hr \/><h4><strong>Collection and Processing of Personal Data<\/strong><\/h4><p>Your personal data is collected and processed for the following purposes:<\/p><ul><li>To provide information about our services,<\/li><li>To ensure that you benefit from our products and services,<\/li><li>To evaluate your requests and complaints,<\/li><li>To communicate with you in order to increase customer satisfaction.<\/li><\/ul><p>Personal data collected is limited to identification information, contact information (name, surname, e-mail, telephone number), service usage details and requested services.<\/p><hr \/><h4><strong>Protection of Personal Data<\/strong><\/h4><p>The highest level of security measures are implemented to protect the confidentiality of your personal data. Your data is protected against unauthorized access and is shared only within the framework of legal obligations.<\/p><hr \/><h4><strong>Sharing of Personal Data with Third Parties<\/strong><\/h4><p>Your personal data is not shared with third parties without your explicit consent. However, information may be provided to authorized institutions and organizations when necessary within the framework of legal obligations.<\/p><hr \/><h4><strong>Your rights<\/strong><\/h4><p>Within the scope of KVKK, you have the following rights:<\/p><ol><li>To learn whether your personal data is being processed,<\/li><li>To learn the purpose of processing your personal data,<\/li><li>Request correction of incorrectly or incompletely processed data,<\/li><li>Request the deletion or destruction of your personal data,<\/li><li>Request that your data is only processed in accordance with the law.<\/li><\/ol><p>To exercise these rights or if you have any questions, you can contact us:<\/p><p><strong>Telephone:<\/strong> +90 (542) 512 84 84<br \/><strong>Email:<\/strong> <a rel=\"noopener\">info@alanyakarel.com<\/a><br \/><strong>Address:<\/strong> Kad\u0131pa\u015fa Neighborhood. Bostanc\u0131p\u0131nar\u0131 Street. A.T\u00fcl\u00fcce Apt. 100\/A, 07400 Alanya\/Antalya<\/p><hr \/><h4><strong>Updates and Changes<\/strong><\/h4><p>Any changes to our KVKK policy will be announced on our website. We recommend that you review this policy regularly.<\/p>\t\t\t\t\t\t\t\t<\/div>\n\t\t\t\t<\/div>\n\t\t\t\t\t<\/div>\n\t\t\t\t<\/div>\n\t\t\t\t<\/div>","protected":false},"excerpt":{"rendered":"<p>KVKK Ki\u015fisel Verilerin Korunmas\u0131 ve \u0130\u015flenmesi Politikas\u0131 (KVKK) Alanya Karel olarak, m\u00fc\u015fterilerimizin ve ziyaret\u00e7ilerimizin ki\u015fisel verilerinin korunmas\u0131na b\u00fcy\u00fck \u00f6nem vermekteyiz. Ki\u015fisel Verilerin Korunmas\u0131 Kanunu (KVKK) kapsam\u0131nda, verilerinizin g\u00fcvenli\u011fini sa\u011flamak ve yasal gerekliliklere uygun \u015fekilde i\u015flemek i\u00e7in gerekli t\u00fcm \u00f6nlemleri almaktay\u0131z. Ki\u015fisel Verilerin Toplanmas\u0131 ve \u0130\u015flenmesi Ki\u015fisel verileriniz, a\u015fa\u011f\u0131daki ama\u00e7lar do\u011frultusunda toplanmakta ve i\u015flenmektedir: Hizmetlerimiz hakk\u0131nda&hellip;<\/p>","protected":false},"author":1,"featured_media":0,"parent":0,"menu_order":0,"comment_status":"closed","ping_status":"closed","template":"elementor_header_footer","meta":{"footnotes":""},"class_list":["post-94365","page","type-page","status-publish","hentry"],"yoast_head":"<!-- This site is optimized with the Yoast SEO plugin v24.2 - https:\/\/yoast.com\/wordpress\/plugins\/seo\/ -->\n<title>KVKK - Alanya Karel - Alanya Telesis - Alanya LG - Alanya Protel<\/title>\n<meta name=\"robots\" content=\"index, follow, max-snippet:-1, max-image-preview:large, max-video-preview:-1\" \/>\n<link rel=\"canonical\" href=\"https:\/\/alanyakarel.com\/en\/kvkk\/\" \/>\n<meta property=\"og:locale\" content=\"en_US\" \/>\n<meta property=\"og:type\" content=\"article\" \/>\n<meta property=\"og:title\" content=\"KVKK - Alanya Karel - Alanya Telesis - Alanya LG - Alanya Protel\" \/>\n<meta property=\"og:description\" content=\"KVKK Ki\u015fisel Verilerin Korunmas\u0131 ve \u0130\u015flenmesi Politikas\u0131 (KVKK) Alanya Karel olarak, m\u00fc\u015fterilerimizin ve ziyaret\u00e7ilerimizin ki\u015fisel verilerinin korunmas\u0131na b\u00fcy\u00fck \u00f6nem vermekteyiz. Ki\u015fisel Verilerin Korunmas\u0131 Kanunu (KVKK) kapsam\u0131nda, verilerinizin g\u00fcvenli\u011fini sa\u011flamak ve yasal gerekliliklere uygun \u015fekilde i\u015flemek i\u00e7in gerekli t\u00fcm \u00f6nlemleri almaktay\u0131z. Ki\u015fisel Verilerin Toplanmas\u0131 ve \u0130\u015flenmesi Ki\u015fisel verileriniz, a\u015fa\u011f\u0131daki ama\u00e7lar do\u011frultusunda toplanmakta ve i\u015flenmektedir: Hizmetlerimiz hakk\u0131nda&hellip;\" \/>\n<meta property=\"og:url\" content=\"https:\/\/alanyakarel.com\/en\/kvkk\/\" \/>\n<meta property=\"og:site_name\" content=\"Alanya Karel - Alanya Telesis - Alanya LG - Alanya Protel\" \/>\n<meta property=\"article:modified_time\" content=\"2025-01-17T19:46:24+00:00\" \/>\n<meta name=\"twitter:card\" content=\"summary_large_image\" \/>\n<meta name=\"twitter:label1\" content=\"Est. reading time\" \/>\n\t<meta name=\"twitter:data1\" content=\"2 minutes\" \/>\n<script type=\"application\/ld+json\" class=\"yoast-schema-graph\">{\"@context\":\"https:\/\/schema.org\",\"@graph\":[{\"@type\":\"WebPage\",\"@id\":\"https:\/\/alanyakarel.com\/kvkk\/\",\"url\":\"https:\/\/alanyakarel.com\/kvkk\/\",\"name\":\"KVKK - Alanya Karel - Alanya Telesis - Alanya LG - Alanya Protel\",\"isPartOf\":{\"@id\":\"https:\/\/alanyakarel.com\/#website\"},\"datePublished\":\"2025-01-17T19:43:49+00:00\",\"dateModified\":\"2025-01-17T19:46:24+00:00\",\"breadcrumb\":{\"@id\":\"https:\/\/alanyakarel.com\/kvkk\/#breadcrumb\"},\"inLanguage\":\"en-US\",\"potentialAction\":[{\"@type\":\"ReadAction\",\"target\":[\"https:\/\/alanyakarel.com\/kvkk\/\"]}]},{\"@type\":\"BreadcrumbList\",\"@id\":\"https:\/\/alanyakarel.com\/kvkk\/#breadcrumb\",\"itemListElement\":[{\"@type\":\"ListItem\",\"position\":1,\"name\":\"Anasayfa\",\"item\":\"https:\/\/alanyakarel.com\/\"},{\"@type\":\"ListItem\",\"position\":2,\"name\":\"KVKK\"}]},{\"@type\":\"WebSite\",\"@id\":\"https:\/\/alanyakarel.com\/#website\",\"url\":\"https:\/\/alanyakarel.com\/\",\"name\":\"Alanya Karel - Alanya Telesis - Alanya LG - Alanya Protel\",\"description\":\"Alanya Karel - Alanya Telesis - Alanya LG - Alanya Protel\",\"publisher\":{\"@id\":\"https:\/\/alanyakarel.com\/#organization\"},\"potentialAction\":[{\"@type\":\"SearchAction\",\"target\":{\"@type\":\"EntryPoint\",\"urlTemplate\":\"https:\/\/alanyakarel.com\/?s={search_term_string}\"},\"query-input\":{\"@type\":\"PropertyValueSpecification\",\"valueRequired\":true,\"valueName\":\"search_term_string\"}}],\"inLanguage\":\"en-US\"},{\"@type\":\"Organization\",\"@id\":\"https:\/\/alanyakarel.com\/#organization\",\"name\":\"Alanya Karel - Alanya Telesis - Alanya LG - Alanya Protel\",\"url\":\"https:\/\/alanyakarel.com\/\",\"logo\":{\"@type\":\"ImageObject\",\"inLanguage\":\"en-US\",\"@id\":\"https:\/\/alanyakarel.com\/#\/schema\/logo\/image\/\",\"url\":\"https:\/\/alanyakarel.com\/wp-content\/uploads\/2021\/12\/the7-logo-004.svg\",\"contentUrl\":\"https:\/\/alanyakarel.com\/wp-content\/uploads\/2021\/12\/the7-logo-004.svg\",\"width\":300,\"height\":50,\"caption\":\"Alanya Karel - Alanya Telesis - Alanya LG - Alanya Protel\"},\"image\":{\"@id\":\"https:\/\/alanyakarel.com\/#\/schema\/logo\/image\/\"}}]}<\/script>\n<!-- \/ Yoast SEO plugin. -->","yoast_head_json":{"title":"KVKK - Alanya Karel - Alanya Telesis - Alanya LG - Alanya Protel","robots":{"index":"index","follow":"follow","max-snippet":"max-snippet:-1","max-image-preview":"max-image-preview:large","max-video-preview":"max-video-preview:-1"},"canonical":"https:\/\/alanyakarel.com\/en\/kvkk\/","og_locale":"en_US","og_type":"article","og_title":"KVKK - Alanya Karel - Alanya Telesis - Alanya LG - Alanya Protel","og_description":"KVKK Ki\u015fisel Verilerin Korunmas\u0131 ve \u0130\u015flenmesi Politikas\u0131 (KVKK) Alanya Karel olarak, m\u00fc\u015fterilerimizin ve ziyaret\u00e7ilerimizin ki\u015fisel verilerinin korunmas\u0131na b\u00fcy\u00fck \u00f6nem vermekteyiz. Ki\u015fisel Verilerin Korunmas\u0131 Kanunu (KVKK) kapsam\u0131nda, verilerinizin g\u00fcvenli\u011fini sa\u011flamak ve yasal gerekliliklere uygun \u015fekilde i\u015flemek i\u00e7in gerekli t\u00fcm \u00f6nlemleri almaktay\u0131z. Ki\u015fisel Verilerin Toplanmas\u0131 ve \u0130\u015flenmesi Ki\u015fisel verileriniz, a\u015fa\u011f\u0131daki ama\u00e7lar do\u011frultusunda toplanmakta ve i\u015flenmektedir: Hizmetlerimiz hakk\u0131nda&hellip;","og_url":"https:\/\/alanyakarel.com\/en\/kvkk\/","og_site_name":"Alanya Karel - Alanya Telesis - Alanya LG - Alanya Protel","article_modified_time":"2025-01-17T19:46:24+00:00","twitter_card":"summary_large_image","twitter_misc":{"Est. reading time":"2 minutes"},"schema":{"@context":"https:\/\/schema.org","@graph":[{"@type":"WebPage","@id":"https:\/\/alanyakarel.com\/kvkk\/","url":"https:\/\/alanyakarel.com\/kvkk\/","name":"KVKK - Alanya Karel - Alanya Telesis - Alanya LG - Alanya Protel","isPartOf":{"@id":"https:\/\/alanyakarel.com\/#website"},"datePublished":"2025-01-17T19:43:49+00:00","dateModified":"2025-01-17T19:46:24+00:00","breadcrumb":{"@id":"https:\/\/alanyakarel.com\/kvkk\/#breadcrumb"},"inLanguage":"en-US","potentialAction":[{"@type":"ReadAction","target":["https:\/\/alanyakarel.com\/kvkk\/"]}]},{"@type":"BreadcrumbList","@id":"https:\/\/alanyakarel.com\/kvkk\/#breadcrumb","itemListElement":[{"@type":"ListItem","position":1,"name":"Anasayfa","item":"https:\/\/alanyakarel.com\/"},{"@type":"ListItem","position":2,"name":"KVKK"}]},{"@type":"WebSite","@id":"https:\/\/alanyakarel.com\/#website","url":"https:\/\/alanyakarel.com\/","name":"Alanya Karel - Alanya Telesis - Alanya LG - Alanya Protel","description":"Alanya Karel - Alanya Telesis - Alanya LG - Alanya Protel","publisher":{"@id":"https:\/\/alanyakarel.com\/#organization"},"potentialAction":[{"@type":"SearchAction","target":{"@type":"EntryPoint","urlTemplate":"https:\/\/alanyakarel.com\/?s={search_term_string}"},"query-input":{"@type":"PropertyValueSpecification","valueRequired":true,"valueName":"search_term_string"}}],"inLanguage":"en-US"},{"@type":"Organization","@id":"https:\/\/alanyakarel.com\/#organization","name":"Alanya Karel - Alanya Telesis - Alanya LG - Alanya Protel","url":"https:\/\/alanyakarel.com\/","logo":{"@type":"ImageObject","inLanguage":"en-US","@id":"https:\/\/alanyakarel.com\/#\/schema\/logo\/image\/","url":"https:\/\/alanyakarel.com\/wp-content\/uploads\/2021\/12\/the7-logo-004.svg","contentUrl":"https:\/\/alanyakarel.com\/wp-content\/uploads\/2021\/12\/the7-logo-004.svg","width":300,"height":50,"caption":"Alanya Karel - Alanya Telesis - Alanya LG - Alanya Protel"},"image":{"@id":"https:\/\/alanyakarel.com\/#\/schema\/logo\/image\/"}}]}},"_links":{"self":[{"href":"https:\/\/alanyakarel.com\/en\/wp-json\/wp\/v2\/pages\/94365","targetHints":{"allow":["GET"]}}],"collection":[{"href":"https:\/\/alanyakarel.com\/en\/wp-json\/wp\/v2\/pages"}],"about":[{"href":"https:\/\/alanyakarel.com\/en\/wp-json\/wp\/v2\/types\/page"}],"author":[{"embeddable":true,"href":"https:\/\/alanyakarel.com\/en\/wp-json\/wp\/v2\/users\/1"}],"replies":[{"embeddable":true,"href":"https:\/\/alanyakarel.com\/en\/wp-json\/wp\/v2\/comments?post=94365"}],"version-history":[{"count":4,"href":"https:\/\/alanyakarel.com\/en\/wp-json\/wp\/v2\/pages\/94365\/revisions"}],"predecessor-version":[{"id":94370,"href":"https:\/\/alanyakarel.com\/en\/wp-json\/wp\/v2\/pages\/94365\/revisions\/94370"}],"wp:attachment":[{"href":"https:\/\/alanyakarel.com\/en\/wp-json\/wp\/v2\/media?parent=94365"}],"curies":[{"name":"wp","href":"https:\/\/api.w.org\/{rel}","templated":true}]}}